{"id":18,"date":"2023-01-11T13:46:15","date_gmt":"2023-01-11T13:46:15","guid":{"rendered":"https:\/\/direct.app.br\/?page_id=18"},"modified":"2023-01-11T19:09:15","modified_gmt":"2023-01-11T22:09:15","slug":"institucional","status":"publish","type":"page","link":"https:\/\/direct.app.br\/?page_id=18","title":{"rendered":"Institucional"},"content":{"rendered":"\n<p>A&nbsp;<strong>O.Pereira Servi\u00e7os e Consultoria<\/strong>&nbsp;\u00e9 uma empresa especializada em otimizar processos atrav\u00e9s de padroniza\u00e7\u00e3o e automa\u00e7\u00e3o com solu\u00e7\u00f5es de mobilidade.<\/p>\n\n\n\n<p>Atuamos em projetos personalizados e atrav\u00e9s de consultoria e desenvolvimento pr\u00f3prio buscamos promover os mais ousados objetivos ingressando nas fileiras dos projetos mais arrojados e desafiadores para mostrar sua capacidade t\u00e9cnica. Afinal, n\u00e3o h\u00e1 nada mais satisfat\u00f3rio que superar limites e alcan\u00e7ar o que se achava inating\u00edvel.<\/p>\n\n\n\n<p>Sob a supervis\u00e3o de uma excelente equipe de engenharia, est\u00e1 capacitada para assumir os mais complexos projetos de intelig\u00eancia de processos do pa\u00eds.<\/p>\n\n\n\n<p>Desenvolvemos solu\u00e7\u00f5es que auxiliam profissionais a romper as barreiras f\u00edsicas, culturais e tecnol\u00f3gicas, que frequentemente limitam a produtividade.<\/p>\n\n\n\n<p>Quando se trata de neg\u00f3cios, tais solu\u00e7\u00f5es permitem que as pessoas acessem suas informa\u00e7\u00f5es a qualquer hora e em qualquer lugar. A melhora do fluxo de informa\u00e7\u00f5es pode elevar os \u00edndices de satisfa\u00e7\u00e3o e ao mesmo tempo, reduzir os custos operacionais.<\/p>\n\n\n\n<p>Atrav\u00e9s de nosso centro de desenvolvimento tecnol\u00f3gico, dispondo dos mais modernos equipamentos e com profissionais atualizados no Brasil e no Exterior, formamos nossa m\u00e3o de obra, sintetizando o profissional envolvido e a tecnologia a ser empregada, com as necessidades \u00fanicas de cada cliente. Entendemos que experi\u00eancia, tradi\u00e7\u00e3o e confian\u00e7a s\u00e3o itens fundamentais para a escolha de parceiros comerciais, motivo que nos credencia com diferencial e referencia no mercado brasileiro.<\/p>\n\n\n\n<p>Temos como principal objetivo n\u00e3o apenas fornecer os equipamentos mais evolu\u00eddos tecnologicamente, mas acompanhar e supervisionar os processos de integra\u00e7\u00e3o e desenvolvimento de projetos em que seus sistemas s\u00e3o aplicados. Proporcionamos a nossos clientes:<\/p>\n\n\n\n<p><strong>Consultoria especializada<\/strong><\/p>\n\n\n\n<p><strong>Treinamento e Coaching<\/strong><\/p>\n\n\n\n<p><strong>Desenvolvimento de Aplica\u00e7\u00f5es<\/strong><\/p>\n\n\n\n<p><strong>Integra\u00e7\u00e3o com aplica\u00e7\u00f5es corporativas<\/strong><\/p>\n","protected":false},"excerpt":{"rendered":"<p>A&nbsp;O.Pereira Servi\u00e7os e Consultoria&nbsp;\u00e9 uma empresa especializada em otimizar processos atrav\u00e9s de padroniza\u00e7\u00e3o e automa\u00e7\u00e3o com solu\u00e7\u00f5es de mobilidade. Atuamos em projetos personalizados e atrav\u00e9s de consultoria e desenvolvimento pr\u00f3prio buscamos promover os mais ousados objetivos ingressando nas fileiras dos projetos mais arrojados e desafiadores para mostrar sua capacidade t\u00e9cnica. Afinal, n\u00e3o h\u00e1 nada mais&hellip;<\/p>\n<p class=\"more-link\"><a href=\"https:\/\/direct.app.br\/?page_id=18\" class=\"themebutton2\">Read More<\/a><\/p>\n","protected":false},"author":1,"featured_media":0,"parent":0,"menu_order":0,"comment_status":"closed","ping_status":"closed","template":"","meta":[],"_links":{"self":[{"href":"https:\/\/direct.app.br\/index.php?rest_route=\/wp\/v2\/pages\/18"}],"collection":[{"href":"https:\/\/direct.app.br\/index.php?rest_route=\/wp\/v2\/pages"}],"about":[{"href":"https:\/\/direct.app.br\/index.php?rest_route=\/wp\/v2\/types\/page"}],"author":[{"embeddable":true,"href":"https:\/\/direct.app.br\/index.php?rest_route=\/wp\/v2\/users\/1"}],"replies":[{"embeddable":true,"href":"https:\/\/direct.app.br\/index.php?rest_route=%2Fwp%2Fv2%2Fcomments&post=18"}],"version-history":[{"count":4,"href":"https:\/\/direct.app.br\/index.php?rest_route=\/wp\/v2\/pages\/18\/revisions"}],"predecessor-version":[{"id":69,"href":"https:\/\/direct.app.br\/index.php?rest_route=\/wp\/v2\/pages\/18\/revisions\/69"}],"wp:attachment":[{"href":"https:\/\/direct.app.br\/index.php?rest_route=%2Fwp%2Fv2%2Fmedia&parent=18"}],"curies":[{"name":"wp","href":"https:\/\/api.w.org\/{rel}","templated":true}]}}